{"id":1667,"date":"2022-10-04T13:14:16","date_gmt":"2022-10-04T11:14:16","guid":{"rendered":"https:\/\/www.parque-montroig.com\/blog\/blog-costa-dorada\/"},"modified":"2024-12-23T17:07:20","modified_gmt":"2024-12-23T16:07:20","slug":"blog-costa-dorada","status":"publish","type":"page","link":"https:\/\/www.parque-montroig.com\/blog\/de\/","title":{"rendered":"Blog Costa Dorada DE"},"content":{"rendered":"\t\t<div data-elementor-type=\"wp-page\" data-elementor-id=\"1667\" class=\"elementor elementor-1667 elementor-1589\" data-elementor-post-type=\"page\">\n\t\t\t\t\t\t<section class=\"elementor-section elementor-top-section elementor-element elementor-element-4542e74 elementor-section-boxed elementor-section-height-default elementor-section-height-default\" data-id=\"4542e74\" data-element_type=\"section\" data-e-type=\"section\">\n\t\t\t\t\t\t<div class=\"elementor-container elementor-column-gap-default\">\n\t\t\t\t\t<div class=\"elementor-column elementor-col-100 elementor-top-column elementor-element elementor-element-04f92bd\" data-id=\"04f92bd\" data-element_type=\"column\" data-e-type=\"column\">\n\t\t\t<div class=\"elementor-widget-wrap elementor-element-populated\">\n\t\t\t\t\t\t<div class=\"elementor-element elementor-element-ccd0651 elementor-view-default elementor-widget elementor-widget-icon\" data-id=\"ccd0651\" data-element_type=\"widget\" data-e-type=\"widget\" data-widget_type=\"icon.default\">\n\t\t\t\t<div class=\"elementor-widget-container\">\n\t\t\t\t\t\t\t<div class=\"elementor-icon-wrapper\">\n\t\t\t<div class=\"elementor-icon\">\n\t\t\t<i aria-hidden=\"true\" class=\"fab fa-fly\"><\/i>\t\t\t<\/div>\n\t\t<\/div>\n\t\t\t\t\t\t<\/div>\n\t\t\t\t<\/div>\n\t\t\t\t<div class=\"elementor-element elementor-element-481bb2b elementor-widget elementor-widget-heading\" data-id=\"481bb2b\" data-element_type=\"widget\" data-e-type=\"widget\" data-widget_type=\"heading.default\">\n\t\t\t\t<div class=\"elementor-widget-container\">\n\t\t\t\t\t<h2 class=\"elementor-heading-title elementor-size-default\">Touristische Informationen \u00fcber die Costa Dorada Spanien<\/h2>\t\t\t\t<\/div>\n\t\t\t\t<\/div>\n\t\t\t\t<div class=\"elementor-element elementor-element-246b639 elementor-widget elementor-widget-text-editor\" data-id=\"246b639\" data-element_type=\"widget\" data-e-type=\"widget\" data-widget_type=\"text-editor.default\">\n\t\t\t\t<div class=\"elementor-widget-container\">\n\t\t\t\t\t\t\t\t\t<p style=\"text-align: center;\">Nachrichten \u00fcber Reisen, Tourismus, Aktivit\u00e4ten und Ferienvermietung an der Costa Dorada. N\u00fctzliche Inhalte f\u00fcr Besucher von Miami Playa, Parc Montroig, Cambrils und Salou. Kommen Sie und entdecken Sie mit uns die Costa Dorada.\u00a0<\/p>\t\t\t\t\t\t\t\t<\/div>\n\t\t\t\t<\/div>\n\t\t\t\t\t<\/div>\n\t\t<\/div>\n\t\t\t\t\t<\/div>\n\t\t<\/section>\n\t\t\t\t<section class=\"elementor-section elementor-top-section elementor-element elementor-element-95147a7 elementor-section-boxed elementor-section-height-default elementor-section-height-default\" data-id=\"95147a7\" data-element_type=\"section\" data-e-type=\"section\">\n\t\t\t\t\t\t<div class=\"elementor-container elementor-column-gap-default\">\n\t\t\t\t\t<div class=\"elementor-column elementor-col-100 elementor-top-column elementor-element elementor-element-9b3a409\" data-id=\"9b3a409\" data-element_type=\"column\" data-e-type=\"column\">\n\t\t\t<div class=\"elementor-widget-wrap elementor-element-populated\">\n\t\t\t\t\t\t<div class=\"elementor-element elementor-element-ff1c77e elementor-grid-1 elementor-grid-tablet-2 elementor-grid-mobile-1 elementor-posts--thumbnail-top elementor-card-shadow-yes elementor-posts__hover-gradient elementor-widget elementor-widget-posts\" data-id=\"ff1c77e\" data-element_type=\"widget\" data-e-type=\"widget\" data-settings=\"{&quot;cards_columns&quot;:&quot;1&quot;,&quot;cards_columns_tablet&quot;:&quot;2&quot;,&quot;cards_columns_mobile&quot;:&quot;1&quot;,&quot;cards_row_gap&quot;:{&quot;unit&quot;:&quot;px&quot;,&quot;size&quot;:35,&quot;sizes&quot;:[]},&quot;cards_row_gap_tablet&quot;:{&quot;unit&quot;:&quot;px&quot;,&quot;size&quot;:&quot;&quot;,&quot;sizes&quot;:[]},&quot;cards_row_gap_mobile&quot;:{&quot;unit&quot;:&quot;px&quot;,&quot;size&quot;:&quot;&quot;,&quot;sizes&quot;:[]}}\" data-widget_type=\"posts.cards\">\n\t\t\t\t<div class=\"elementor-widget-container\">\n\t\t\t\t\t\t\t<div class=\"elementor-posts-container elementor-posts elementor-posts--skin-cards elementor-grid\" role=\"list\">\n\t\t\t\t<article class=\"elementor-post elementor-grid-item post-1047 post type-post status-publish format-standard has-post-thumbnail hentry category-kulturelle-veranstaltungen-in-tarragona category-tarragona-mit-kindern category-tarragona-stadt\" role=\"listitem\">\n\t\t\t<div class=\"elementor-post__card\">\n\t\t\t\t<a class=\"elementor-post__thumbnail__link\" href=\"https:\/\/www.parque-montroig.com\/blog\/de\/santa-tecla\/\" tabindex=\"-1\" ><div class=\"elementor-post__thumbnail\"><img fetchpriority=\"high\" decoding=\"async\" width=\"751\" height=\"304\" src=\"https:\/\/www.parque-montroig.com\/blog\/wp-content\/uploads\/2019\/10\/fiestas-santa-tecla-tarragona.jpg\" class=\"attachment-large size-large wp-image-1534\" alt=\"fiestas santa tecla tarragona\" srcset=\"https:\/\/www.parque-montroig.com\/blog\/wp-content\/uploads\/2019\/10\/fiestas-santa-tecla-tarragona.jpg 1480w, https:\/\/www.parque-montroig.com\/blog\/wp-content\/uploads\/2019\/10\/fiestas-santa-tecla-tarragona-768x311.jpg 768w\" sizes=\"(max-width: 751px) 100vw, 751px\" \/><\/div><\/a>\n\t\t\t\t<div class=\"elementor-post__badge\">Kulturelle Veranstaltungen in Tarragona<\/div>\n\t\t\t\t<div class=\"elementor-post__text\">\n\t\t\t\t<h3 class=\"elementor-post__title\">\n\t\t\t<a href=\"https:\/\/www.parque-montroig.com\/blog\/de\/santa-tecla\/\" >\n\t\t\t\tEntdecken Sie die Santa Tecla-Feierlichkeiten in Tarragona mit dem Parc Mont-Roig\t\t\t<\/a>\n\t\t<\/h3>\n\t\t\n\t\t<a class=\"elementor-post__read-more\" href=\"https:\/\/www.parque-montroig.com\/blog\/de\/santa-tecla\/\" aria-label=\"Mehr \u00fcber Entdecken Sie die Santa Tecla-Feierlichkeiten in Tarragona mit dem Parc Mont-Roig\" tabindex=\"-1\" >\n\t\t\tMehr lesen \u00bb\t\t<\/a>\n\n\t\t\t\t<\/div>\n\t\t\t\t\t<\/div>\n\t\t<\/article>\n\t\t\t\t<\/div>\n\t\t\n\t\t\t\t\t\t<\/div>\n\t\t\t\t<\/div>\n\t\t\t\t\t<\/div>\n\t\t<\/div>\n\t\t\t\t\t<\/div>\n\t\t<\/section>\n\t\t\t\t<section class=\"elementor-section elementor-top-section elementor-element elementor-element-624326a elementor-section-boxed elementor-section-height-default elementor-section-height-default\" data-id=\"624326a\" data-element_type=\"section\" data-e-type=\"section\">\n\t\t\t\t\t\t<div class=\"elementor-container elementor-column-gap-default\">\n\t\t\t\t\t<div class=\"elementor-column elementor-col-100 elementor-top-column elementor-element elementor-element-0e3a674\" data-id=\"0e3a674\" data-element_type=\"column\" data-e-type=\"column\">\n\t\t\t<div class=\"elementor-widget-wrap elementor-element-populated\">\n\t\t\t\t\t\t<div class=\"elementor-element elementor-element-f049633 elementor-grid-3 elementor-grid-tablet-2 elementor-grid-mobile-1 elementor-posts--thumbnail-top elementor-card-shadow-yes elementor-posts__hover-gradient load-more-align-center elementor-widget elementor-widget-posts\" data-id=\"f049633\" data-element_type=\"widget\" data-e-type=\"widget\" data-settings=\"{&quot;pagination_type&quot;:&quot;load_more_on_click&quot;,&quot;cards_row_gap&quot;:{&quot;unit&quot;:&quot;px&quot;,&quot;size&quot;:28,&quot;sizes&quot;:[]},&quot;cards_columns&quot;:&quot;3&quot;,&quot;cards_columns_tablet&quot;:&quot;2&quot;,&quot;cards_columns_mobile&quot;:&quot;1&quot;,&quot;cards_row_gap_tablet&quot;:{&quot;unit&quot;:&quot;px&quot;,&quot;size&quot;:&quot;&quot;,&quot;sizes&quot;:[]},&quot;cards_row_gap_mobile&quot;:{&quot;unit&quot;:&quot;px&quot;,&quot;size&quot;:&quot;&quot;,&quot;sizes&quot;:[]},&quot;load_more_spinner&quot;:{&quot;value&quot;:&quot;fas fa-spinner&quot;,&quot;library&quot;:&quot;fa-solid&quot;}}\" data-widget_type=\"posts.cards\">\n\t\t\t\t<div class=\"elementor-widget-container\">\n\t\t\t\t\t\t\t<div class=\"elementor-posts-container elementor-posts elementor-posts--skin-cards elementor-grid\" role=\"list\">\n\t\t\t\t<article class=\"elementor-post elementor-grid-item post-6131 post type-post status-publish format-standard has-post-thumbnail hentry category-die-costa-dorada category-was-zu-sehen-in-miami-playa tag-costa-dorada-de tag-ferienwohnung-costa-dorada\" role=\"listitem\">\n\t\t\t<div class=\"elementor-post__card\">\n\t\t\t\t<a class=\"elementor-post__thumbnail__link\" href=\"https:\/\/www.parque-montroig.com\/blog\/de\/sommeraktivitaten-miami-platja\/\" tabindex=\"-1\" ><div class=\"elementor-post__thumbnail\"><img decoding=\"async\" width=\"300\" height=\"276\" src=\"https:\/\/www.parque-montroig.com\/blog\/wp-content\/uploads\/2026\/04\/iStock-2236849489-380x350.webp\" class=\"attachment-medium size-medium wp-image-6119\" alt=\"miami playa actividades verano\" \/><\/div><\/a>\n\t\t\t\t<div class=\"elementor-post__badge\">Die Costa Dorada<\/div>\n\t\t\t\t<div class=\"elementor-post__text\">\n\t\t\t\t<h3 class=\"elementor-post__title\">\n\t\t\t<a href=\"https:\/\/www.parque-montroig.com\/blog\/de\/sommeraktivitaten-miami-platja\/\" >\n\t\t\t\tSommeraktivit\u00e4ten in Miami Platja: Was man unternehmen kann und wo man am besten \u00fcbernachtet\t\t\t<\/a>\n\t\t<\/h3>\n\t\t\t\t\t<div class=\"elementor-post__read-more-wrapper\">\n\t\t\n\t\t<a class=\"elementor-post__read-more\" href=\"https:\/\/www.parque-montroig.com\/blog\/de\/sommeraktivitaten-miami-platja\/\" aria-label=\"Mehr \u00fcber Sommeraktivit\u00e4ten in Miami Platja: Was man unternehmen kann und wo man am besten \u00fcbernachtet\" tabindex=\"-1\" >\n\t\t\tMehr lesen \u00bb\t\t<\/a>\n\n\t\t\t\t\t<\/div>\n\t\t\t\t<\/div>\n\t\t\t\t\t<\/div>\n\t\t<\/article>\n\t\t\t\t<article class=\"elementor-post elementor-grid-item post-6072 post type-post status-publish format-standard has-post-thumbnail hentry category-die-costa-dorada category-was-zu-sehen-in-miami-playa tag-costa-dorada-de tag-ferienwohnung-costa-dorada\" role=\"listitem\">\n\t\t\t<div class=\"elementor-post__card\">\n\t\t\t\t<a class=\"elementor-post__thumbnail__link\" href=\"https:\/\/www.parque-montroig.com\/blog\/de\/buchten-in-miami-playa-panoramic\/\" tabindex=\"-1\" ><div class=\"elementor-post__thumbnail\"><img decoding=\"async\" width=\"300\" height=\"276\" src=\"https:\/\/www.parque-montroig.com\/blog\/wp-content\/uploads\/2026\/03\/calas-en-miami-playa-380x350.webp\" class=\"attachment-medium size-medium wp-image-6026\" alt=\"calas en miami playa\" \/><\/div><\/a>\n\t\t\t\t<div class=\"elementor-post__badge\">Die Costa Dorada<\/div>\n\t\t\t\t<div class=\"elementor-post__text\">\n\t\t\t\t<h3 class=\"elementor-post__title\">\n\t\t\t<a href=\"https:\/\/www.parque-montroig.com\/blog\/de\/buchten-in-miami-playa-panoramic\/\" >\n\t\t\t\tUnterkunft Panoramic: Ihr direkter Zugang zu den besten Buchten in Miami Playa\t\t\t<\/a>\n\t\t<\/h3>\n\t\t\t\t\t<div class=\"elementor-post__read-more-wrapper\">\n\t\t\n\t\t<a class=\"elementor-post__read-more\" href=\"https:\/\/www.parque-montroig.com\/blog\/de\/buchten-in-miami-playa-panoramic\/\" aria-label=\"Mehr \u00fcber Unterkunft Panoramic: Ihr direkter Zugang zu den besten Buchten in Miami Playa\" tabindex=\"-1\" >\n\t\t\tMehr lesen \u00bb\t\t<\/a>\n\n\t\t\t\t\t<\/div>\n\t\t\t\t<\/div>\n\t\t\t\t\t<\/div>\n\t\t<\/article>\n\t\t\t\t<article class=\"elementor-post elementor-grid-item post-6004 post type-post status-publish format-standard has-post-thumbnail hentry category-la-costa-dorada-de\" role=\"listitem\">\n\t\t\t<div class=\"elementor-post__card\">\n\t\t\t\t<a class=\"elementor-post__thumbnail__link\" href=\"https:\/\/www.parque-montroig.com\/blog\/de\/valentinstag-an-der-costa-dorada-ihr-romantischer-kurzurlaub-in-cambrils-und-miami-platja\/\" tabindex=\"-1\" ><div class=\"elementor-post__thumbnail\"><img loading=\"lazy\" decoding=\"async\" width=\"300\" height=\"276\" src=\"https:\/\/www.parque-montroig.com\/blog\/wp-content\/uploads\/2026\/01\/San-Valentin-en-la-Costa-Dorada-380x350.webp\" class=\"attachment-medium size-medium wp-image-5975\" alt=\"San Valent\u00edn en la Costa Dorada\" \/><\/div><\/a>\n\t\t\t\t<div class=\"elementor-post__badge\">La Costa Dorada<\/div>\n\t\t\t\t<div class=\"elementor-post__text\">\n\t\t\t\t<h3 class=\"elementor-post__title\">\n\t\t\t<a href=\"https:\/\/www.parque-montroig.com\/blog\/de\/valentinstag-an-der-costa-dorada-ihr-romantischer-kurzurlaub-in-cambrils-und-miami-platja\/\" >\n\t\t\t\tValentinstag an der Costa Dorada: Ihr romantischer Kurzurlaub in Cambrils und Miami Platja\t\t\t<\/a>\n\t\t<\/h3>\n\t\t\t\t\t<div class=\"elementor-post__read-more-wrapper\">\n\t\t\n\t\t<a class=\"elementor-post__read-more\" href=\"https:\/\/www.parque-montroig.com\/blog\/de\/valentinstag-an-der-costa-dorada-ihr-romantischer-kurzurlaub-in-cambrils-und-miami-platja\/\" aria-label=\"Mehr \u00fcber Valentinstag an der Costa Dorada: Ihr romantischer Kurzurlaub in Cambrils und Miami Platja\" tabindex=\"-1\" >\n\t\t\tMehr lesen \u00bb\t\t<\/a>\n\n\t\t\t\t\t<\/div>\n\t\t\t\t<\/div>\n\t\t\t\t\t<\/div>\n\t\t<\/article>\n\t\t\t\t<article class=\"elementor-post elementor-grid-item post-5949 post type-post status-publish format-standard has-post-thumbnail hentry category-la-costa-dorada-de\" role=\"listitem\">\n\t\t\t<div class=\"elementor-post__card\">\n\t\t\t\t<a class=\"elementor-post__thumbnail__link\" href=\"https:\/\/www.parque-montroig.com\/blog\/de\/weihnachten-und-silvester-an-der-costa-dorada\/\" tabindex=\"-1\" ><div class=\"elementor-post__thumbnail\"><img loading=\"lazy\" decoding=\"async\" width=\"300\" height=\"276\" src=\"https:\/\/www.parque-montroig.com\/blog\/wp-content\/uploads\/2025\/12\/Navidad-fin-de-ano-costa-dorada-380x350.webp\" class=\"attachment-medium size-medium wp-image-5921\" alt=\"Navidad-fin-de-a\u00f1o-costa-dorada\" \/><\/div><\/a>\n\t\t\t\t<div class=\"elementor-post__badge\">La Costa Dorada<\/div>\n\t\t\t\t<div class=\"elementor-post__text\">\n\t\t\t\t<h3 class=\"elementor-post__title\">\n\t\t\t<a href=\"https:\/\/www.parque-montroig.com\/blog\/de\/weihnachten-und-silvester-an-der-costa-dorada\/\" >\n\t\t\t\tWeihnachten und Silvester an der Costa Dorada\t\t\t<\/a>\n\t\t<\/h3>\n\t\t\t\t\t<div class=\"elementor-post__read-more-wrapper\">\n\t\t\n\t\t<a class=\"elementor-post__read-more\" href=\"https:\/\/www.parque-montroig.com\/blog\/de\/weihnachten-und-silvester-an-der-costa-dorada\/\" aria-label=\"Mehr \u00fcber Weihnachten und Silvester an der Costa Dorada\" tabindex=\"-1\" >\n\t\t\tMehr lesen \u00bb\t\t<\/a>\n\n\t\t\t\t\t<\/div>\n\t\t\t\t<\/div>\n\t\t\t\t\t<\/div>\n\t\t<\/article>\n\t\t\t\t<article class=\"elementor-post elementor-grid-item post-5911 post type-post status-publish format-standard has-post-thumbnail hentry category-la-costa-dorada-de\" role=\"listitem\">\n\t\t\t<div class=\"elementor-post__card\">\n\t\t\t\t<a class=\"elementor-post__thumbnail__link\" href=\"https:\/\/www.parque-montroig.com\/blog\/de\/das-beste-dezember-wochenende-an-der-costa-dorada\/\" tabindex=\"-1\" ><div class=\"elementor-post__thumbnail\"><img loading=\"lazy\" decoding=\"async\" width=\"300\" height=\"276\" src=\"https:\/\/www.parque-montroig.com\/blog\/wp-content\/uploads\/2025\/11\/Puente-diciembre-Costa-Dorada-380x350.webp\" class=\"attachment-medium size-medium wp-image-5887\" alt=\"Puente-diciembre-Costa-Dorada\" \/><\/div><\/a>\n\t\t\t\t<div class=\"elementor-post__badge\">La Costa Dorada<\/div>\n\t\t\t\t<div class=\"elementor-post__text\">\n\t\t\t\t<h3 class=\"elementor-post__title\">\n\t\t\t<a href=\"https:\/\/www.parque-montroig.com\/blog\/de\/das-beste-dezember-wochenende-an-der-costa-dorada\/\" >\n\t\t\t\tDas beste Dezember-Wochenende an der Costa Dorada\t\t\t<\/a>\n\t\t<\/h3>\n\t\t\t\t\t<div class=\"elementor-post__read-more-wrapper\">\n\t\t\n\t\t<a class=\"elementor-post__read-more\" href=\"https:\/\/www.parque-montroig.com\/blog\/de\/das-beste-dezember-wochenende-an-der-costa-dorada\/\" aria-label=\"Mehr \u00fcber Das beste Dezember-Wochenende an der Costa Dorada\" tabindex=\"-1\" >\n\t\t\tMehr lesen \u00bb\t\t<\/a>\n\n\t\t\t\t\t<\/div>\n\t\t\t\t<\/div>\n\t\t\t\t\t<\/div>\n\t\t<\/article>\n\t\t\t\t<article class=\"elementor-post elementor-grid-item post-5870 post type-post status-publish format-standard has-post-thumbnail hentry category-la-costa-dorada-de\" role=\"listitem\">\n\t\t\t<div class=\"elementor-post__card\">\n\t\t\t\t<a class=\"elementor-post__thumbnail__link\" href=\"https:\/\/www.parque-montroig.com\/blog\/de\/costa-dorada-im-dezember-ruhe-meer-und-mediterraner-charme\/\" tabindex=\"-1\" ><div class=\"elementor-post__thumbnail\"><img loading=\"lazy\" decoding=\"async\" width=\"300\" height=\"276\" src=\"https:\/\/www.parque-montroig.com\/blog\/wp-content\/uploads\/2025\/10\/Costa-dorada-en-diciembre-380x350.webp\" class=\"attachment-medium size-medium wp-image-5839\" alt=\"Costa-dorada-en-diciembre\" \/><\/div><\/a>\n\t\t\t\t<div class=\"elementor-post__badge\">La Costa Dorada<\/div>\n\t\t\t\t<div class=\"elementor-post__text\">\n\t\t\t\t<h3 class=\"elementor-post__title\">\n\t\t\t<a href=\"https:\/\/www.parque-montroig.com\/blog\/de\/costa-dorada-im-dezember-ruhe-meer-und-mediterraner-charme\/\" >\n\t\t\t\tCosta Dorada im Dezember: Ruhe, Meer und mediterraner Charme\t\t\t<\/a>\n\t\t<\/h3>\n\t\t\t\t\t<div class=\"elementor-post__read-more-wrapper\">\n\t\t\n\t\t<a class=\"elementor-post__read-more\" href=\"https:\/\/www.parque-montroig.com\/blog\/de\/costa-dorada-im-dezember-ruhe-meer-und-mediterraner-charme\/\" aria-label=\"Mehr \u00fcber Costa Dorada im Dezember: Ruhe, Meer und mediterraner Charme\" tabindex=\"-1\" >\n\t\t\tMehr lesen \u00bb\t\t<\/a>\n\n\t\t\t\t\t<\/div>\n\t\t\t\t<\/div>\n\t\t\t\t\t<\/div>\n\t\t<\/article>\n\t\t\t\t<\/div>\n\t\t\t\t\t<span class=\"e-load-more-spinner\">\n\t\t\t\t<i aria-hidden=\"true\" class=\"fas fa-spinner\"><\/i>\t\t\t<\/span>\n\t\t\n\t\t\t\t<div class=\"e-load-more-anchor\" data-page=\"1\" data-max-page=\"13\" data-next-page=\"https:\/\/www.parque-montroig.com\/blog\/de\/wp-json\/wp\/v2\/pages\/1667\/page\/2\/\"><\/div>\n\t\t\t\t<div class=\"elementor-button-wrapper\">\n\t\t\t<a class=\"elementor-button elementor-size-sm\" role=\"button\">\n\t\t\t\t\t\t<span class=\"elementor-button-content-wrapper\">\n\t\t\t\t\t\t\t\t\t<span class=\"elementor-button-text\">Mehr lesen<\/span>\n\t\t\t\t\t<\/span>\n\t\t\t\t\t<\/a>\n\t\t<\/div>\n\t\t\t\t<div class=\"e-load-more-message\"><\/div>\n\t\t\t\t\t\t<\/div>\n\t\t\t\t<\/div>\n\t\t\t\t\t<\/div>\n\t\t<\/div>\n\t\t\t\t\t<\/div>\n\t\t<\/section>\n\t\t\t\t<section class=\"elementor-section elementor-top-section elementor-element elementor-element-380324d elementor-section-boxed elementor-section-height-default elementor-section-height-default\" data-id=\"380324d\" data-element_type=\"section\" data-e-type=\"section\">\n\t\t\t\t\t\t<div class=\"elementor-container elementor-column-gap-default\">\n\t\t\t\t\t<div class=\"elementor-column elementor-col-100 elementor-top-column elementor-element elementor-element-eb55d07\" data-id=\"eb55d07\" data-element_type=\"column\" data-e-type=\"column\">\n\t\t\t<div class=\"elementor-widget-wrap elementor-element-populated\">\n\t\t\t\t\t\t<div class=\"elementor-element elementor-element-26a7af5 elementor-widget elementor-widget-heading\" data-id=\"26a7af5\" data-element_type=\"widget\" data-e-type=\"widget\" data-widget_type=\"heading.default\">\n\t\t\t\t<div class=\"elementor-widget-container\">\n\t\t\t\t\t<h2 class=\"elementor-heading-title elementor-size-default\">Buchen Sie jetzt Ihren Urlaub bei uns<\/h2>\t\t\t\t<\/div>\n\t\t\t\t<\/div>\n\t\t\t\t\t<\/div>\n\t\t<\/div>\n\t\t\t\t\t<\/div>\n\t\t<\/section>\n\t\t\t\t<section class=\"elementor-section elementor-top-section elementor-element elementor-element-29ba16c elementor-section-boxed elementor-section-height-default elementor-section-height-default\" data-id=\"29ba16c\" data-element_type=\"section\" data-e-type=\"section\">\n\t\t\t\t\t\t<div class=\"elementor-container elementor-column-gap-default\">\n\t\t\t\t\t<div class=\"elementor-column elementor-col-33 elementor-top-column elementor-element elementor-element-5d28b57a\" data-id=\"5d28b57a\" data-element_type=\"column\" data-e-type=\"column\">\n\t\t\t<div class=\"elementor-widget-wrap elementor-element-populated\">\n\t\t\t\t\t\t<div class=\"elementor-element elementor-element-6d729327 elementor-cta--skin-cover elementor-cta--valign-bottom elementor-animated-content elementor-bg-transform elementor-bg-transform-zoom-in elementor-widget elementor-widget-call-to-action\" data-id=\"6d729327\" data-element_type=\"widget\" data-e-type=\"widget\" data-widget_type=\"call-to-action.default\">\n\t\t\t\t<div class=\"elementor-widget-container\">\n\t\t\t\t\t\t\t<div class=\"elementor-cta\">\n\t\t\t\t\t<div class=\"elementor-cta__bg-wrapper\">\n\t\t\t\t<div class=\"elementor-cta__bg elementor-bg\" style=\"background-image: url(https:\/\/www.parque-montroig.com\/blog\/wp-content\/uploads\/2023\/03\/parcmontroig-tiempo-clima-miami-playa-blog-600x630.jpg);\" role=\"img\" aria-label=\"Parc Montroig Tiempo Clima en Miami Playa\"><\/div>\n\t\t\t\t<div class=\"elementor-cta__bg-overlay\"><\/div>\n\t\t\t<\/div>\n\t\t\t\t\t\t\t<div class=\"elementor-cta__content\">\n\t\t\t\t\n\t\t\t\t\n\t\t\t\t\n\t\t\t\t\t\t\t\t\t<div class=\"elementor-cta__button-wrapper elementor-cta__content-item elementor-content-item elementor-animated-item--grow\">\n\t\t\t\t\t<a class=\"elementor-cta__button elementor-button elementor-size-\" href=\"https:\/\/www.parque-montroig.com\/de\/ferienwohnung-in-miami-playa\/\">\n\t\t\t\t\t\tMIAMI BEACH WOHNUNGEN\t\t\t\t\t<\/a>\n\t\t\t\t\t<\/div>\n\t\t\t\t\t\t\t<\/div>\n\t\t\t\t\t\t<\/div>\n\t\t\t\t\t\t<\/div>\n\t\t\t\t<\/div>\n\t\t\t\t\t<\/div>\n\t\t<\/div>\n\t\t\t\t<div class=\"elementor-column elementor-col-33 elementor-top-column elementor-element elementor-element-2ea3560b\" data-id=\"2ea3560b\" data-element_type=\"column\" data-e-type=\"column\">\n\t\t\t<div class=\"elementor-widget-wrap elementor-element-populated\">\n\t\t\t\t\t\t<div class=\"elementor-element elementor-element-2083301f elementor-cta--skin-cover elementor-cta--valign-bottom elementor-animated-content elementor-bg-transform elementor-bg-transform-zoom-in elementor-widget elementor-widget-call-to-action\" data-id=\"2083301f\" data-element_type=\"widget\" data-e-type=\"widget\" data-widget_type=\"call-to-action.default\">\n\t\t\t\t<div class=\"elementor-widget-container\">\n\t\t\t\t\t\t\t<div class=\"elementor-cta\">\n\t\t\t\t\t<div class=\"elementor-cta__bg-wrapper\">\n\t\t\t\t<div class=\"elementor-cta__bg elementor-bg\" style=\"background-image: url(https:\/\/www.parque-montroig.com\/blog\/wp-content\/uploads\/2023\/11\/apartamento-estel-vacaciones-costa-dorada-Cambrils-1800x630.jpg);\" role=\"img\" aria-label=\"apartamento estel vacaciones costa dorada Cambrils\"><\/div>\n\t\t\t\t<div class=\"elementor-cta__bg-overlay\"><\/div>\n\t\t\t<\/div>\n\t\t\t\t\t\t\t<div class=\"elementor-cta__content\">\n\t\t\t\t\n\t\t\t\t\n\t\t\t\t\n\t\t\t\t\t\t\t\t\t<div class=\"elementor-cta__button-wrapper elementor-cta__content-item elementor-content-item elementor-animated-item--grow\">\n\t\t\t\t\t<a class=\"elementor-cta__button elementor-button elementor-size-\" href=\"https:\/\/www.parque-montroig.com\/de\/vermietung\/ferienwohnungen-cambrils-c1d73\/\">\n\t\t\t\t\t\tWOHNUNGEN IN CAMBRILS\t\t\t\t\t<\/a>\n\t\t\t\t\t<\/div>\n\t\t\t\t\t\t\t<\/div>\n\t\t\t\t\t\t<\/div>\n\t\t\t\t\t\t<\/div>\n\t\t\t\t<\/div>\n\t\t\t\t\t<\/div>\n\t\t<\/div>\n\t\t\t\t<div class=\"elementor-column elementor-col-33 elementor-top-column elementor-element elementor-element-502b5343\" data-id=\"502b5343\" data-element_type=\"column\" data-e-type=\"column\">\n\t\t\t<div class=\"elementor-widget-wrap elementor-element-populated\">\n\t\t\t\t\t\t<div class=\"elementor-element elementor-element-2a2b3c85 elementor-cta--skin-cover elementor-cta--valign-bottom elementor-animated-content elementor-bg-transform elementor-bg-transform-zoom-in elementor-widget elementor-widget-call-to-action\" data-id=\"2a2b3c85\" data-element_type=\"widget\" data-e-type=\"widget\" data-widget_type=\"call-to-action.default\">\n\t\t\t\t<div class=\"elementor-widget-container\">\n\t\t\t\t\t\t\t<div class=\"elementor-cta\">\n\t\t\t\t\t<div class=\"elementor-cta__bg-wrapper\">\n\t\t\t\t<div class=\"elementor-cta__bg elementor-bg\" style=\"background-image: url(https:\/\/www.parque-montroig.com\/blog\/wp-content\/uploads\/2023\/12\/apartamentos-con-piscina-en-la-Costa-Dorada-1920x630.jpeg);\" role=\"img\" aria-label=\"apartamentos con piscina en la Costa Dorada\"><\/div>\n\t\t\t\t<div class=\"elementor-cta__bg-overlay\"><\/div>\n\t\t\t<\/div>\n\t\t\t\t\t\t\t<div class=\"elementor-cta__content\">\n\t\t\t\t\n\t\t\t\t\n\t\t\t\t\n\t\t\t\t\t\t\t\t\t<div class=\"elementor-cta__button-wrapper elementor-cta__content-item elementor-content-item elementor-animated-item--grow\">\n\t\t\t\t\t<a class=\"elementor-cta__button elementor-button elementor-size-\" href=\"https:\/\/www.parque-montroig.com\/de\/vermietung\/zu-mieten-ferienwohnungen-c1\/\">\n\t\t\t\t\t\tVERMIETUNG COSTA DORADA\t\t\t\t\t<\/a>\n\t\t\t\t\t<\/div>\n\t\t\t\t\t\t\t<\/div>\n\t\t\t\t\t\t<\/div>\n\t\t\t\t\t\t<\/div>\n\t\t\t\t<\/div>\n\t\t\t\t\t<\/div>\n\t\t<\/div>\n\t\t\t\t\t<\/div>\n\t\t<\/section>\n\t\t\t\t<\/div>\n\t\t","protected":false},"excerpt":{"rendered":"<p>Touristische Informationen \u00fcber die Costa Dorada Spanien Nachrichten \u00fcber Reisen, Tourismus, Aktivit\u00e4ten und Ferienvermietung an der Costa Dorada. N\u00fctzliche Inhalte<\/p>\n","protected":false},"author":3,"featured_media":0,"parent":0,"menu_order":0,"comment_status":"closed","ping_status":"closed","template":"","meta":{"footnotes":""},"class_list":["post-1667","page","type-page","status-publish","hentry"],"_links":{"self":[{"href":"https:\/\/www.parque-montroig.com\/blog\/de\/wp-json\/wp\/v2\/pages\/1667","targetHints":{"allow":["GET"]}}],"collection":[{"href":"https:\/\/www.parque-montroig.com\/blog\/de\/wp-json\/wp\/v2\/pages"}],"about":[{"href":"https:\/\/www.parque-montroig.com\/blog\/de\/wp-json\/wp\/v2\/types\/page"}],"author":[{"embeddable":true,"href":"https:\/\/www.parque-montroig.com\/blog\/de\/wp-json\/wp\/v2\/users\/3"}],"replies":[{"embeddable":true,"href":"https:\/\/www.parque-montroig.com\/blog\/de\/wp-json\/wp\/v2\/comments?post=1667"}],"version-history":[{"count":26,"href":"https:\/\/www.parque-montroig.com\/blog\/de\/wp-json\/wp\/v2\/pages\/1667\/revisions"}],"predecessor-version":[{"id":5123,"href":"https:\/\/www.parque-montroig.com\/blog\/de\/wp-json\/wp\/v2\/pages\/1667\/revisions\/5123"}],"wp:attachment":[{"href":"https:\/\/www.parque-montroig.com\/blog\/de\/wp-json\/wp\/v2\/media?parent=1667"}],"curies":[{"name":"wp","href":"https:\/\/api.w.org\/{rel}","templated":true}]}}