{"id":1520,"date":"2022-10-04T13:14:16","date_gmt":"2022-10-04T11:14:16","guid":{"rendered":"https:\/\/www.parque-montroig.com\/blog\/?page_id=1520"},"modified":"2024-05-21T09:58:33","modified_gmt":"2024-05-21T07:58:33","slug":"blog-costa-dorada","status":"publish","type":"page","link":"https:\/\/www.parque-montroig.com\/blog\/","title":{"rendered":"Blog Costa Dorada ES"},"content":{"rendered":"\t\t<div data-elementor-type=\"wp-page\" data-elementor-id=\"1520\" class=\"elementor elementor-1520\" data-elementor-post-type=\"page\">\n\t\t\t\t\t\t<section class=\"elementor-section elementor-top-section elementor-element elementor-element-4542e74 elementor-section-boxed elementor-section-height-default elementor-section-height-default\" data-id=\"4542e74\" data-element_type=\"section\" data-e-type=\"section\">\n\t\t\t\t\t\t<div class=\"elementor-container elementor-column-gap-default\">\n\t\t\t\t\t<div class=\"elementor-column elementor-col-100 elementor-top-column elementor-element elementor-element-04f92bd\" data-id=\"04f92bd\" data-element_type=\"column\" data-e-type=\"column\">\n\t\t\t<div class=\"elementor-widget-wrap elementor-element-populated\">\n\t\t\t\t\t\t<div class=\"elementor-element elementor-element-ccd0651 elementor-view-default elementor-widget elementor-widget-icon\" data-id=\"ccd0651\" data-element_type=\"widget\" data-e-type=\"widget\" data-widget_type=\"icon.default\">\n\t\t\t\t<div class=\"elementor-widget-container\">\n\t\t\t\t\t\t\t<div class=\"elementor-icon-wrapper\">\n\t\t\t<div class=\"elementor-icon\">\n\t\t\t<i aria-hidden=\"true\" class=\"fab fa-fly\"><\/i>\t\t\t<\/div>\n\t\t<\/div>\n\t\t\t\t\t\t<\/div>\n\t\t\t\t<\/div>\n\t\t\t\t<div class=\"elementor-element elementor-element-481bb2b elementor-widget elementor-widget-heading\" data-id=\"481bb2b\" data-element_type=\"widget\" data-e-type=\"widget\" data-widget_type=\"heading.default\">\n\t\t\t\t<div class=\"elementor-widget-container\">\n\t\t\t\t\t<h2 class=\"elementor-heading-title elementor-size-default\">Informaci\u00f3n tur\u00edstica de la Costa Dorada<\/h2>\t\t\t\t<\/div>\n\t\t\t\t<\/div>\n\t\t\t\t<div class=\"elementor-element elementor-element-246b639 elementor-widget elementor-widget-text-editor\" data-id=\"246b639\" data-element_type=\"widget\" data-e-type=\"widget\" data-widget_type=\"text-editor.default\">\n\t\t\t\t<div class=\"elementor-widget-container\">\n\t\t\t\t\t\t\t\t\t<p style=\"text-align: center;\">Noticias sobre viajes, turismo, actividades y alquiler vacacional en La costa Dorada. Contenidos de utilidad para visitantes de <a href=\"https:\/\/www.parque-montroig.com\/alquiler-de-apartamentos-en-miami-playa\/\">Miami Playa<\/a>, Parc Montroig, <a href=\"https:\/\/www.parque-montroig.com\/alquiler-de-apartamentos-en-cambrils\/\">Cambrils<\/a> y Salou. Ven a conocer la Costa Dorada con nosotros.\u00a0<\/p>\t\t\t\t\t\t\t\t<\/div>\n\t\t\t\t<\/div>\n\t\t\t\t\t<\/div>\n\t\t<\/div>\n\t\t\t\t\t<\/div>\n\t\t<\/section>\n\t\t\t\t<section class=\"elementor-section elementor-top-section elementor-element elementor-element-8fbd000 elementor-section-boxed elementor-section-height-default elementor-section-height-default\" data-id=\"8fbd000\" data-element_type=\"section\" data-e-type=\"section\">\n\t\t\t\t\t\t<div class=\"elementor-container elementor-column-gap-default\">\n\t\t\t\t\t<div class=\"elementor-column elementor-col-100 elementor-top-column elementor-element elementor-element-9b31075\" data-id=\"9b31075\" data-element_type=\"column\" data-e-type=\"column\">\n\t\t\t<div class=\"elementor-widget-wrap elementor-element-populated\">\n\t\t\t\t\t\t<div class=\"elementor-element elementor-element-6921755 elementor-grid-1 elementor-grid-tablet-2 elementor-grid-mobile-1 elementor-posts--thumbnail-top elementor-card-shadow-yes elementor-posts__hover-gradient elementor-widget elementor-widget-posts\" data-id=\"6921755\" data-element_type=\"widget\" data-e-type=\"widget\" data-settings=\"{&quot;cards_columns&quot;:&quot;1&quot;,&quot;cards_row_gap&quot;:{&quot;unit&quot;:&quot;px&quot;,&quot;size&quot;:23,&quot;sizes&quot;:[]},&quot;cards_columns_tablet&quot;:&quot;2&quot;,&quot;cards_columns_mobile&quot;:&quot;1&quot;,&quot;cards_row_gap_tablet&quot;:{&quot;unit&quot;:&quot;px&quot;,&quot;size&quot;:&quot;&quot;,&quot;sizes&quot;:[]},&quot;cards_row_gap_mobile&quot;:{&quot;unit&quot;:&quot;px&quot;,&quot;size&quot;:&quot;&quot;,&quot;sizes&quot;:[]}}\" data-widget_type=\"posts.cards\">\n\t\t\t\t<div class=\"elementor-widget-container\">\n\t\t\t\t\t\t\t<div class=\"elementor-posts-container elementor-posts elementor-posts--skin-cards elementor-grid\" role=\"list\">\n\t\t\t\t<article class=\"elementor-post elementor-grid-item post-6103 post type-post status-publish format-standard has-post-thumbnail hentry category-la-costa-dorada-en category-que-ver-en-miami-playa tag-alquiler-vacacional-costa-dorada tag-costa-dorada\" role=\"listitem\">\n\t\t\t<div class=\"elementor-post__card\">\n\t\t\t\t<a class=\"elementor-post__thumbnail__link\" href=\"https:\/\/www.parque-montroig.com\/blog\/miami-playa-actividades-verano\/\" tabindex=\"-1\" ><div class=\"elementor-post__thumbnail\"><img fetchpriority=\"high\" decoding=\"async\" width=\"751\" height=\"247\" src=\"https:\/\/www.parque-montroig.com\/blog\/wp-content\/uploads\/2026\/04\/iStock-2236849489-1919x630.webp\" class=\"attachment-large size-large wp-image-6116\" alt=\"miami playa actividades verano\" \/><\/div><\/a>\n\t\t\t\t<div class=\"elementor-post__badge\">La Costa Dorada<\/div>\n\t\t\t\t<div class=\"elementor-post__text\">\n\t\t\t\t<h3 class=\"elementor-post__title\">\n\t\t\t<a href=\"https:\/\/www.parque-montroig.com\/blog\/miami-playa-actividades-verano\/\" >\n\t\t\t\tMiami Playa actividades en verano: qu\u00e9 hacer y d\u00f3nde alojarte para disfrutar\t\t\t<\/a>\n\t\t<\/h3>\n\t\t\n\t\t<a class=\"elementor-post__read-more\" href=\"https:\/\/www.parque-montroig.com\/blog\/miami-playa-actividades-verano\/\" aria-label=\"M\u00e1s informaci\u00f3n sobre Miami Playa actividades en verano: qu\u00e9 hacer y d\u00f3nde alojarte para disfrutar\" tabindex=\"-1\" >\n\t\t\tLEER M\u00c1S \u00bb\t\t<\/a>\n\n\t\t\t\t<\/div>\n\t\t\t\t\t<\/div>\n\t\t<\/article>\n\t\t\t\t<\/div>\n\t\t\n\t\t\t\t\t\t<\/div>\n\t\t\t\t<\/div>\n\t\t\t\t\t<\/div>\n\t\t<\/div>\n\t\t\t\t\t<\/div>\n\t\t<\/section>\n\t\t\t\t<section class=\"elementor-section elementor-top-section elementor-element elementor-element-624326a elementor-section-full_width elementor-section-height-default elementor-section-height-default\" data-id=\"624326a\" data-element_type=\"section\" data-e-type=\"section\">\n\t\t\t\t\t\t<div class=\"elementor-container elementor-column-gap-default\">\n\t\t\t\t\t<div class=\"elementor-column elementor-col-100 elementor-top-column elementor-element elementor-element-0e3a674\" data-id=\"0e3a674\" data-element_type=\"column\" data-e-type=\"column\">\n\t\t\t<div class=\"elementor-widget-wrap elementor-element-populated\">\n\t\t\t\t\t\t<div class=\"elementor-element elementor-element-f049633 elementor-grid-3 elementor-grid-tablet-2 elementor-grid-mobile-1 elementor-posts--thumbnail-top elementor-card-shadow-yes elementor-posts__hover-gradient load-more-align-center elementor-widget elementor-widget-posts\" data-id=\"f049633\" data-element_type=\"widget\" data-e-type=\"widget\" data-settings=\"{&quot;pagination_type&quot;:&quot;load_more_on_click&quot;,&quot;cards_row_gap&quot;:{&quot;unit&quot;:&quot;px&quot;,&quot;size&quot;:28,&quot;sizes&quot;:[]},&quot;cards_columns&quot;:&quot;3&quot;,&quot;cards_columns_tablet&quot;:&quot;2&quot;,&quot;cards_columns_mobile&quot;:&quot;1&quot;,&quot;cards_row_gap_tablet&quot;:{&quot;unit&quot;:&quot;px&quot;,&quot;size&quot;:&quot;&quot;,&quot;sizes&quot;:[]},&quot;cards_row_gap_mobile&quot;:{&quot;unit&quot;:&quot;px&quot;,&quot;size&quot;:&quot;&quot;,&quot;sizes&quot;:[]},&quot;load_more_spinner&quot;:{&quot;value&quot;:&quot;fas fa-spinner&quot;,&quot;library&quot;:&quot;fa-solid&quot;}}\" data-widget_type=\"posts.cards\">\n\t\t\t\t<div class=\"elementor-widget-container\">\n\t\t\t\t\t\t\t<div class=\"elementor-posts-container elementor-posts elementor-posts--skin-cards elementor-grid\" role=\"list\">\n\t\t\t\t<article class=\"elementor-post elementor-grid-item post-6103 post type-post status-publish format-standard has-post-thumbnail hentry category-la-costa-dorada-en category-que-ver-en-miami-playa tag-alquiler-vacacional-costa-dorada tag-costa-dorada\" role=\"listitem\">\n\t\t\t<div class=\"elementor-post__card\">\n\t\t\t\t<a class=\"elementor-post__thumbnail__link\" href=\"https:\/\/www.parque-montroig.com\/blog\/miami-playa-actividades-verano\/\" tabindex=\"-1\" ><div class=\"elementor-post__thumbnail\"><img decoding=\"async\" width=\"300\" height=\"276\" src=\"https:\/\/www.parque-montroig.com\/blog\/wp-content\/uploads\/2026\/04\/iStock-2236849489-380x350.webp\" class=\"attachment-medium size-medium wp-image-6116\" alt=\"miami playa actividades verano\" \/><\/div><\/a>\n\t\t\t\t<div class=\"elementor-post__badge\">La Costa Dorada<\/div>\n\t\t\t\t<div class=\"elementor-post__text\">\n\t\t\t\t<h3 class=\"elementor-post__title\">\n\t\t\t<a href=\"https:\/\/www.parque-montroig.com\/blog\/miami-playa-actividades-verano\/\" >\n\t\t\t\tMiami Playa actividades en verano: qu\u00e9 hacer y d\u00f3nde alojarte para disfrutar\t\t\t<\/a>\n\t\t<\/h3>\n\t\t\n\t\t<a class=\"elementor-post__read-more\" href=\"https:\/\/www.parque-montroig.com\/blog\/miami-playa-actividades-verano\/\" aria-label=\"M\u00e1s informaci\u00f3n sobre Miami Playa actividades en verano: qu\u00e9 hacer y d\u00f3nde alojarte para disfrutar\" tabindex=\"-1\" >\n\t\t\tLeer m\u00e1s \u00bb\t\t<\/a>\n\n\t\t\t\t<\/div>\n\t\t\t\t\t<\/div>\n\t\t<\/article>\n\t\t\t\t<article class=\"elementor-post elementor-grid-item post-6021 post type-post status-publish format-standard has-post-thumbnail hentry category-la-costa-dorada-en category-que-ver-en-miami-playa tag-alquiler-vacacional-costa-dorada tag-costa-dorada\" role=\"listitem\">\n\t\t\t<div class=\"elementor-post__card\">\n\t\t\t\t<a class=\"elementor-post__thumbnail__link\" href=\"https:\/\/www.parque-montroig.com\/blog\/calas-en-miami-playa-panoramic\/\" tabindex=\"-1\" ><div class=\"elementor-post__thumbnail\"><img decoding=\"async\" width=\"300\" height=\"276\" src=\"https:\/\/www.parque-montroig.com\/blog\/wp-content\/uploads\/2026\/03\/calas-en-miami-playa-380x350.webp\" class=\"attachment-medium size-medium wp-image-6023\" alt=\"calas en miami playa\" \/><\/div><\/a>\n\t\t\t\t<div class=\"elementor-post__badge\">La Costa Dorada<\/div>\n\t\t\t\t<div class=\"elementor-post__text\">\n\t\t\t\t<h3 class=\"elementor-post__title\">\n\t\t\t<a href=\"https:\/\/www.parque-montroig.com\/blog\/calas-en-miami-playa-panoramic\/\" >\n\t\t\t\tAlojamientos Panoramic: Tu acceso directo a las mejores calas en Miami Playa\t\t\t<\/a>\n\t\t<\/h3>\n\t\t\n\t\t<a class=\"elementor-post__read-more\" href=\"https:\/\/www.parque-montroig.com\/blog\/calas-en-miami-playa-panoramic\/\" aria-label=\"M\u00e1s informaci\u00f3n sobre Alojamientos Panoramic: Tu acceso directo a las mejores calas en Miami Playa\" tabindex=\"-1\" >\n\t\t\tLeer m\u00e1s \u00bb\t\t<\/a>\n\n\t\t\t\t<\/div>\n\t\t\t\t\t<\/div>\n\t\t<\/article>\n\t\t\t\t<article class=\"elementor-post elementor-grid-item post-5971 post type-post status-publish format-standard has-post-thumbnail hentry category-la-costa-dorada category-la-costa-dorada-en tag-alquiler-vacacional-costa-dorada tag-costa-dorada-2-2 tag-costa-dorada\" role=\"listitem\">\n\t\t\t<div class=\"elementor-post__card\">\n\t\t\t\t<a class=\"elementor-post__thumbnail__link\" href=\"https:\/\/www.parque-montroig.com\/blog\/san-valentin-en-la-costa-dorada-tu-escapada-romantica-en-cambrils-y-miami-platja\/\" tabindex=\"-1\" ><div class=\"elementor-post__thumbnail\"><img loading=\"lazy\" decoding=\"async\" width=\"300\" height=\"276\" src=\"https:\/\/www.parque-montroig.com\/blog\/wp-content\/uploads\/2026\/01\/San-Valentin-en-la-Costa-Dorada-380x350.webp\" class=\"attachment-medium size-medium wp-image-5972\" alt=\"San Valent\u00edn en la Costa Dorada\" \/><\/div><\/a>\n\t\t\t\t<div class=\"elementor-post__badge\">La Costa Dorada<\/div>\n\t\t\t\t<div class=\"elementor-post__text\">\n\t\t\t\t<h3 class=\"elementor-post__title\">\n\t\t\t<a href=\"https:\/\/www.parque-montroig.com\/blog\/san-valentin-en-la-costa-dorada-tu-escapada-romantica-en-cambrils-y-miami-platja\/\" >\n\t\t\t\tSan Valent\u00edn en la Costa Dorada: Tu Escapada Rom\u00e1ntica en Cambrils y Miami Platja\t\t\t<\/a>\n\t\t<\/h3>\n\t\t\n\t\t<a class=\"elementor-post__read-more\" href=\"https:\/\/www.parque-montroig.com\/blog\/san-valentin-en-la-costa-dorada-tu-escapada-romantica-en-cambrils-y-miami-platja\/\" aria-label=\"M\u00e1s informaci\u00f3n sobre San Valent\u00edn en la Costa Dorada: Tu Escapada Rom\u00e1ntica en Cambrils y Miami Platja\" tabindex=\"-1\" >\n\t\t\tLeer m\u00e1s \u00bb\t\t<\/a>\n\n\t\t\t\t<\/div>\n\t\t\t\t\t<\/div>\n\t\t<\/article>\n\t\t\t\t<article class=\"elementor-post elementor-grid-item post-5917 post type-post status-publish format-standard has-post-thumbnail hentry category-la-costa-dorada category-la-costa-dorada-en tag-alquiler-vacacional-costa-dorada tag-cambrils tag-costa-dorada tag-miami-platja tag-playas-y-calas-de-miami-playa\" role=\"listitem\">\n\t\t\t<div class=\"elementor-post__card\">\n\t\t\t\t<a class=\"elementor-post__thumbnail__link\" href=\"https:\/\/www.parque-montroig.com\/blog\/navidad-y-fin-de-ano-en-la-costa-dorada\/\" tabindex=\"-1\" ><div class=\"elementor-post__thumbnail\"><img loading=\"lazy\" decoding=\"async\" width=\"300\" height=\"276\" src=\"https:\/\/www.parque-montroig.com\/blog\/wp-content\/uploads\/2025\/12\/Navidad-fin-de-ano-costa-dorada-380x350.webp\" class=\"attachment-medium size-medium wp-image-5918\" alt=\"Navidad-fin-de-a\u00f1o-costa-dorada\" \/><\/div><\/a>\n\t\t\t\t<div class=\"elementor-post__badge\">La Costa Dorada<\/div>\n\t\t\t\t<div class=\"elementor-post__text\">\n\t\t\t\t<h3 class=\"elementor-post__title\">\n\t\t\t<a href=\"https:\/\/www.parque-montroig.com\/blog\/navidad-y-fin-de-ano-en-la-costa-dorada\/\" >\n\t\t\t\tNavidad y Fin de A\u00f1o en la Costa Dorada\t\t\t<\/a>\n\t\t<\/h3>\n\t\t\n\t\t<a class=\"elementor-post__read-more\" href=\"https:\/\/www.parque-montroig.com\/blog\/navidad-y-fin-de-ano-en-la-costa-dorada\/\" aria-label=\"M\u00e1s informaci\u00f3n sobre Navidad y Fin de A\u00f1o en la Costa Dorada\" tabindex=\"-1\" >\n\t\t\tLeer m\u00e1s \u00bb\t\t<\/a>\n\n\t\t\t\t<\/div>\n\t\t\t\t\t<\/div>\n\t\t<\/article>\n\t\t\t\t<article class=\"elementor-post elementor-grid-item post-5883 post type-post status-publish format-standard has-post-thumbnail hentry category-la-costa-dorada tag-alquiler-vacacional-costa-dorada tag-cambrils tag-costa-dorada\" role=\"listitem\">\n\t\t\t<div class=\"elementor-post__card\">\n\t\t\t\t<a class=\"elementor-post__thumbnail__link\" href=\"https:\/\/www.parque-montroig.com\/blog\/el-mejor-puente-de-diciembre-en-la-costa-dorada\/\" tabindex=\"-1\" ><div class=\"elementor-post__thumbnail\"><img loading=\"lazy\" decoding=\"async\" width=\"300\" height=\"276\" src=\"https:\/\/www.parque-montroig.com\/blog\/wp-content\/uploads\/2025\/11\/Puente-diciembre-Costa-Dorada-380x350.webp\" class=\"attachment-medium size-medium wp-image-5884\" alt=\"Puente-diciembre-Costa-Dorada\" \/><\/div><\/a>\n\t\t\t\t<div class=\"elementor-post__badge\">La Costa Dorada<\/div>\n\t\t\t\t<div class=\"elementor-post__text\">\n\t\t\t\t<h3 class=\"elementor-post__title\">\n\t\t\t<a href=\"https:\/\/www.parque-montroig.com\/blog\/el-mejor-puente-de-diciembre-en-la-costa-dorada\/\" >\n\t\t\t\tEl mejor Puente de Diciembre en la Costa Dorada\t\t\t<\/a>\n\t\t<\/h3>\n\t\t\n\t\t<a class=\"elementor-post__read-more\" href=\"https:\/\/www.parque-montroig.com\/blog\/el-mejor-puente-de-diciembre-en-la-costa-dorada\/\" aria-label=\"M\u00e1s informaci\u00f3n sobre El mejor Puente de Diciembre en la Costa Dorada\" tabindex=\"-1\" >\n\t\t\tLeer m\u00e1s \u00bb\t\t<\/a>\n\n\t\t\t\t<\/div>\n\t\t\t\t\t<\/div>\n\t\t<\/article>\n\t\t\t\t<article class=\"elementor-post elementor-grid-item post-5837 post type-post status-publish format-standard has-post-thumbnail hentry category-la-costa-dorada tag-alquiler-vacacional-costa-dorada tag-cambrils tag-costa-dorada tag-miami-platja\" role=\"listitem\">\n\t\t\t<div class=\"elementor-post__card\">\n\t\t\t\t<a class=\"elementor-post__thumbnail__link\" href=\"https:\/\/www.parque-montroig.com\/blog\/costa-dorada-en-diciembre-calma-mar-y-encanto-mediterraneo\/\" tabindex=\"-1\" ><div class=\"elementor-post__thumbnail\"><img loading=\"lazy\" decoding=\"async\" width=\"300\" height=\"276\" src=\"https:\/\/www.parque-montroig.com\/blog\/wp-content\/uploads\/2025\/10\/Costa-dorada-en-diciembre-380x350.webp\" class=\"attachment-medium size-medium wp-image-5838\" alt=\"Costa-dorada-en-diciembre\" \/><\/div><\/a>\n\t\t\t\t<div class=\"elementor-post__badge\">La Costa Dorada<\/div>\n\t\t\t\t<div class=\"elementor-post__text\">\n\t\t\t\t<h3 class=\"elementor-post__title\">\n\t\t\t<a href=\"https:\/\/www.parque-montroig.com\/blog\/costa-dorada-en-diciembre-calma-mar-y-encanto-mediterraneo\/\" >\n\t\t\t\tCosta Dorada en diciembre: calma, mar y encanto mediterr\u00e1neo\t\t\t<\/a>\n\t\t<\/h3>\n\t\t\n\t\t<a class=\"elementor-post__read-more\" href=\"https:\/\/www.parque-montroig.com\/blog\/costa-dorada-en-diciembre-calma-mar-y-encanto-mediterraneo\/\" aria-label=\"M\u00e1s informaci\u00f3n sobre Costa Dorada en diciembre: calma, mar y encanto mediterr\u00e1neo\" tabindex=\"-1\" >\n\t\t\tLeer m\u00e1s \u00bb\t\t<\/a>\n\n\t\t\t\t<\/div>\n\t\t\t\t\t<\/div>\n\t\t<\/article>\n\t\t\t\t<\/div>\n\t\t\t\t\t<span class=\"e-load-more-spinner\">\n\t\t\t\t<i aria-hidden=\"true\" class=\"fas fa-spinner\"><\/i>\t\t\t<\/span>\n\t\t\n\t\t\t\t<div class=\"e-load-more-anchor\" data-page=\"1\" data-max-page=\"16\" data-next-page=\"https:\/\/www.parque-montroig.com\/blog\/wp-json\/wp\/v2\/pages\/1520\/page\/2\/\"><\/div>\n\t\t\t\t<div class=\"elementor-button-wrapper\">\n\t\t\t<a class=\"elementor-button elementor-size-sm\" role=\"button\">\n\t\t\t\t\t\t<span class=\"elementor-button-content-wrapper\">\n\t\t\t\t\t\t\t\t\t<span class=\"elementor-button-text\">Cargar m\u00e1s<\/span>\n\t\t\t\t\t<\/span>\n\t\t\t\t\t<\/a>\n\t\t<\/div>\n\t\t\t\t<div class=\"e-load-more-message\"><\/div>\n\t\t\t\t\t\t<\/div>\n\t\t\t\t<\/div>\n\t\t\t\t\t<\/div>\n\t\t<\/div>\n\t\t\t\t\t<\/div>\n\t\t<\/section>\n\t\t\t\t<section class=\"elementor-section elementor-top-section elementor-element elementor-element-380324d elementor-section-boxed elementor-section-height-default elementor-section-height-default\" data-id=\"380324d\" data-element_type=\"section\" data-e-type=\"section\">\n\t\t\t\t\t\t<div class=\"elementor-container elementor-column-gap-default\">\n\t\t\t\t\t<div class=\"elementor-column elementor-col-100 elementor-top-column elementor-element elementor-element-eb55d07\" data-id=\"eb55d07\" data-element_type=\"column\" data-e-type=\"column\">\n\t\t\t<div class=\"elementor-widget-wrap elementor-element-populated\">\n\t\t\t\t\t\t<div class=\"elementor-element elementor-element-26a7af5 elementor-widget elementor-widget-heading\" data-id=\"26a7af5\" data-element_type=\"widget\" data-e-type=\"widget\" data-widget_type=\"heading.default\">\n\t\t\t\t<div class=\"elementor-widget-container\">\n\t\t\t\t\t<h2 class=\"elementor-heading-title elementor-size-default\">Reserva ya tus vacaciones con nosotros\u200b<\/h2>\t\t\t\t<\/div>\n\t\t\t\t<\/div>\n\t\t\t\t\t<\/div>\n\t\t<\/div>\n\t\t\t\t\t<\/div>\n\t\t<\/section>\n\t\t\t\t<section class=\"elementor-section elementor-top-section elementor-element elementor-element-bc80e88 elementor-section-boxed elementor-section-height-default elementor-section-height-default\" data-id=\"bc80e88\" data-element_type=\"section\" data-e-type=\"section\">\n\t\t\t\t\t\t<div class=\"elementor-container elementor-column-gap-default\">\n\t\t\t\t\t<div class=\"elementor-column elementor-col-33 elementor-top-column elementor-element elementor-element-05fe763\" data-id=\"05fe763\" data-element_type=\"column\" data-e-type=\"column\">\n\t\t\t<div class=\"elementor-widget-wrap elementor-element-populated\">\n\t\t\t\t\t\t<div class=\"elementor-element elementor-element-2e03d60 elementor-cta--skin-cover elementor-cta--valign-bottom elementor-animated-content elementor-bg-transform elementor-bg-transform-zoom-in elementor-widget elementor-widget-call-to-action\" data-id=\"2e03d60\" data-element_type=\"widget\" data-e-type=\"widget\" data-widget_type=\"call-to-action.default\">\n\t\t\t\t<div class=\"elementor-widget-container\">\n\t\t\t\t\t\t\t<div class=\"elementor-cta\">\n\t\t\t\t\t<div class=\"elementor-cta__bg-wrapper\">\n\t\t\t\t<div class=\"elementor-cta__bg elementor-bg\" style=\"background-image: url(https:\/\/www.parque-montroig.com\/blog\/wp-content\/uploads\/2023\/03\/parcmontroig-tiempo-clima-miami-playa-blog-600x630.jpg);\" role=\"img\" aria-label=\"Parc Montroig Tiempo Clima en Miami Playa\"><\/div>\n\t\t\t\t<div class=\"elementor-cta__bg-overlay\"><\/div>\n\t\t\t<\/div>\n\t\t\t\t\t\t\t<div class=\"elementor-cta__content\">\n\t\t\t\t\n\t\t\t\t\n\t\t\t\t\n\t\t\t\t\t\t\t\t\t<div class=\"elementor-cta__button-wrapper elementor-cta__content-item elementor-content-item elementor-animated-item--grow\">\n\t\t\t\t\t<a class=\"elementor-cta__button elementor-button elementor-size-\" href=\"https:\/\/www.parque-montroig.com\/alquiler-de-apartamentos-en-miami-playa\/\">\n\t\t\t\t\t\tAPARTAMENTOS MIAMI PLAYA\t\t\t\t\t<\/a>\n\t\t\t\t\t<\/div>\n\t\t\t\t\t\t\t<\/div>\n\t\t\t\t\t\t<\/div>\n\t\t\t\t\t\t<\/div>\n\t\t\t\t<\/div>\n\t\t\t\t\t<\/div>\n\t\t<\/div>\n\t\t\t\t<div class=\"elementor-column elementor-col-33 elementor-top-column elementor-element elementor-element-6032532\" data-id=\"6032532\" data-element_type=\"column\" data-e-type=\"column\">\n\t\t\t<div class=\"elementor-widget-wrap elementor-element-populated\">\n\t\t\t\t\t\t<div class=\"elementor-element elementor-element-784d928 elementor-cta--skin-cover elementor-cta--valign-bottom elementor-animated-content elementor-bg-transform elementor-bg-transform-zoom-in elementor-widget elementor-widget-call-to-action\" data-id=\"784d928\" data-element_type=\"widget\" data-e-type=\"widget\" data-widget_type=\"call-to-action.default\">\n\t\t\t\t<div class=\"elementor-widget-container\">\n\t\t\t\t\t\t\t<div class=\"elementor-cta\">\n\t\t\t\t\t<div class=\"elementor-cta__bg-wrapper\">\n\t\t\t\t<div class=\"elementor-cta__bg elementor-bg\" style=\"background-image: url(https:\/\/www.parque-montroig.com\/blog\/wp-content\/uploads\/2023\/11\/apartamento-estel-vacaciones-costa-dorada-Cambrils-1800x630.jpg);\" role=\"img\" aria-label=\"apartamento estel vacaciones costa dorada Cambrils\"><\/div>\n\t\t\t\t<div class=\"elementor-cta__bg-overlay\"><\/div>\n\t\t\t<\/div>\n\t\t\t\t\t\t\t<div class=\"elementor-cta__content\">\n\t\t\t\t\n\t\t\t\t\n\t\t\t\t\n\t\t\t\t\t\t\t\t\t<div class=\"elementor-cta__button-wrapper elementor-cta__content-item elementor-content-item elementor-animated-item--grow\">\n\t\t\t\t\t<a class=\"elementor-cta__button elementor-button elementor-size-\" href=\"https:\/\/www.parque-montroig.com\/alquiler-de-apartamentos-en-cambrils\/\">\n\t\t\t\t\t\tAPARTAMENTOS CAMBRILS\t\t\t\t\t<\/a>\n\t\t\t\t\t<\/div>\n\t\t\t\t\t\t\t<\/div>\n\t\t\t\t\t\t<\/div>\n\t\t\t\t\t\t<\/div>\n\t\t\t\t<\/div>\n\t\t\t\t\t<\/div>\n\t\t<\/div>\n\t\t\t\t<div class=\"elementor-column elementor-col-33 elementor-top-column elementor-element elementor-element-491ced3\" data-id=\"491ced3\" data-element_type=\"column\" data-e-type=\"column\">\n\t\t\t<div class=\"elementor-widget-wrap elementor-element-populated\">\n\t\t\t\t\t\t<div class=\"elementor-element elementor-element-5a23521 elementor-cta--skin-cover elementor-cta--valign-bottom elementor-animated-content elementor-bg-transform elementor-bg-transform-zoom-in elementor-widget elementor-widget-call-to-action\" data-id=\"5a23521\" data-element_type=\"widget\" data-e-type=\"widget\" data-widget_type=\"call-to-action.default\">\n\t\t\t\t<div class=\"elementor-widget-container\">\n\t\t\t\t\t\t\t<div class=\"elementor-cta\">\n\t\t\t\t\t<div class=\"elementor-cta__bg-wrapper\">\n\t\t\t\t<div class=\"elementor-cta__bg elementor-bg\" style=\"background-image: url(https:\/\/www.parque-montroig.com\/blog\/wp-content\/uploads\/2023\/12\/apartamentos-con-piscina-en-la-Costa-Dorada-1920x630.jpeg);\" role=\"img\" aria-label=\"apartamentos con piscina en la Costa Dorada\"><\/div>\n\t\t\t\t<div class=\"elementor-cta__bg-overlay\"><\/div>\n\t\t\t<\/div>\n\t\t\t\t\t\t\t<div class=\"elementor-cta__content\">\n\t\t\t\t\n\t\t\t\t\n\t\t\t\t\n\t\t\t\t\t\t\t\t\t<div class=\"elementor-cta__button-wrapper elementor-cta__content-item elementor-content-item elementor-animated-item--grow\">\n\t\t\t\t\t<a class=\"elementor-cta__button elementor-button elementor-size-\" href=\"https:\/\/www.parque-montroig.com\/alojamientos-alquiler-vacacional-en-la-costa-dorada\/\">\n\t\t\t\t\t\tALQUILER COSTA DORADA\t\t\t\t\t<\/a>\n\t\t\t\t\t<\/div>\n\t\t\t\t\t\t\t<\/div>\n\t\t\t\t\t\t<\/div>\n\t\t\t\t\t\t<\/div>\n\t\t\t\t<\/div>\n\t\t\t\t\t<\/div>\n\t\t<\/div>\n\t\t\t\t\t<\/div>\n\t\t<\/section>\n\t\t\t\t<\/div>\n\t\t","protected":false},"excerpt":{"rendered":"<p>Informaci\u00f3n tur\u00edstica de la Costa Dorada Noticias sobre viajes, turismo, actividades y alquiler vacacional en La costa Dorada. Contenidos de<\/p>\n","protected":false},"author":3,"featured_media":3492,"parent":0,"menu_order":0,"comment_status":"closed","ping_status":"closed","template":"","meta":{"footnotes":""},"class_list":["post-1520","page","type-page","status-publish","has-post-thumbnail","hentry"],"_links":{"self":[{"href":"https:\/\/www.parque-montroig.com\/blog\/wp-json\/wp\/v2\/pages\/1520","targetHints":{"allow":["GET"]}}],"collection":[{"href":"https:\/\/www.parque-montroig.com\/blog\/wp-json\/wp\/v2\/pages"}],"about":[{"href":"https:\/\/www.parque-montroig.com\/blog\/wp-json\/wp\/v2\/types\/page"}],"author":[{"embeddable":true,"href":"https:\/\/www.parque-montroig.com\/blog\/wp-json\/wp\/v2\/users\/3"}],"replies":[{"embeddable":true,"href":"https:\/\/www.parque-montroig.com\/blog\/wp-json\/wp\/v2\/comments?post=1520"}],"version-history":[{"count":88,"href":"https:\/\/www.parque-montroig.com\/blog\/wp-json\/wp\/v2\/pages\/1520\/revisions"}],"predecessor-version":[{"id":4708,"href":"https:\/\/www.parque-montroig.com\/blog\/wp-json\/wp\/v2\/pages\/1520\/revisions\/4708"}],"wp:featuredmedia":[{"embeddable":true,"href":"https:\/\/www.parque-montroig.com\/blog\/wp-json\/wp\/v2\/media\/3492"}],"wp:attachment":[{"href":"https:\/\/www.parque-montroig.com\/blog\/wp-json\/wp\/v2\/media?parent=1520"}],"curies":[{"name":"wp","href":"https:\/\/api.w.org\/{rel}","templated":true}]}}